{"id":877,"date":"2022-09-13T13:11:32","date_gmt":"2022-09-13T11:11:32","guid":{"rendered":"https:\/\/no-emi.com\/?page_id=877"},"modified":"2024-06-21T09:47:58","modified_gmt":"2024-06-21T07:47:58","slug":"datenschutz","status":"publish","type":"page","link":"https:\/\/no-emi.com\/en\/datenschutz\/","title":{"rendered":"Data protection"},"content":{"rendered":"<h1>Privacy policy<\/h1>\n<h3>1. Data protection at a glance<\/h3>\n<p>\t\tAllgemeine HinweiseDie folgenden Hinweise geben einen einfachen \u00dcberblick dar\u00fcber, was mit Ihren personenbezogenen Daten passiert, wenn Sie diese Website besuchen. Personenbezogene Daten sind alle Daten, mit denen Sie pers\u00f6nlich identifiziert werden k\u00f6nnen. Ausf\u00fchrliche Informationen zum Thema Datenschutz entnehmen Sie unserer unter diesem Text aufgef\u00fchrten Datenschutzerkl\u00e4rung.Datenerfassung auf dieser WebsiteWer ist verantwortlich f\u00fcr die Datenerfassung auf dieser Website?Die Datenverarbeitung auf dieser Website erfolgt durch den Websitebetreiber. Dessen Kontaktdaten k\u00f6nnen Sie dem Abschnitt \u201eHinweis zur Verantwortlichen Stelle\u201c in dieser Datenschutzerkl\u00e4rung entnehmen.<br \/>\nWie erfassen wir Ihre Daten?Ihre Daten werden zum einen dadurch erhoben, dass Sie uns diese mitteilen. Hierbei kann es sich z. B. um Daten handeln, die Sie in ein Kontaktformular eingeben.<br \/>\nAndere Daten werden automatisch oder nach Ihrer Einwilligung beim Besuch der Website durch unsere IT- Systeme erfasst. Das sind vor allem technische Daten (z. B. Internetbrowser, Betriebssystem oder Uhrzeit des Seitenaufrufs). Die Erfassung dieser Daten erfolgt automatisch, sobald Sie diese Website betreten.Wof\u00fcr nutzen wir Ihre Daten?Ein Teil der Daten wird erhoben, um eine fehlerfreie Bereitstellung der Website zu gew\u00e4hrleisten. Andere Daten k\u00f6nnen zur Analyse Ihres Nutzerverhaltens verwendet werden.Welche Rechte haben Sie bez\u00fcglich Ihrer Daten?<br \/>\nYou have the right to receive information free of charge at any time about the origin, recipient and purpose of your stored personal data. You also have the right to request the correction or deletion of this data. If you have given your consent to data processing, you can revoke this consent at any time for the future. You also have the right to request the restriction of the processing of your personal data under certain circumstances. Furthermore, you have the right to lodge a complaint with the competent supervisory authority. You can contact us at any time about this and other questions on the subject of data protection.\t\t<\/p>\n<h3>2. Hosting<\/h3>\n<p>\t\tWir hosten die Inhalte unserer Webseite bei folgendem Anbieter:Externes Hosting<\/p>\n<p>Diese Website wird extern gehostet. Die personenbezogenen Daten, die auf dieser Website erfasst werden, werden auf den Servern des Hosters \/ der Hoster gespeichert. Hierbei kann es sich v. a. um IP-Adressen, Kontaktanfragen, Meta- und Kommunikationsdaten, Vertragsdaten, Kontaktdaten, Namen, Websitezugriffe und sonstige Daten, die \u00fcber eine Website generiert werden, handeln.<br \/>\nDas externe Hosting erfolgt zum Zwecke der Vertragserf\u00fcllung gegen\u00fcber unseren potenziellen und bestehenden Kunden (Art. 6 Abs. 1 lit. b DSGVO) und im Interesse einer sicheren, schnellen und effizienten Bereitstellung unseres Online-Angebots durch einen professionellen Anbieter (Art. 6 Abs. 1 lit. f DSGVO). Sofern eine entsprechende Einwilligung abgefragt wurde, erfolgt die Verarbeitung ausschlie\u00dflich auf Grundlage von Art. 6 Abs. 1 lit. a DSGVO und \u00a7 25 Abs. 1 TDDDG, soweit die Einwilligung die Speicherung von Cookies oder den Zugriff auf Informationen im Endger\u00e4t des Nutzers (z. B. Device-Fingerprinting) im Sinne des TDDDG umfasst. Die Einwilligung ist jederzeit widerrufbar.<br \/>\nUnser(e) Hoster wird bzw. werden Ihre Daten nur insoweit verarbeiten, wie dies zur Erf\u00fcllung seiner Leistungspflichten erforderlich ist und unsere Weisungen in Bezug auf diese Daten befolgen.<br \/>\nWir setzen folgende(n) Hoster ein:<br \/>\nUnited Domains AG Gautinger Stra\u00dfe 10 82319 Starnberg<\/p>\n<p>AuftragsverarbeitungWir haben einen Vertrag \u00fcber Auftragsverarbeitung (AVV) mit dem oben genannten Anbieter geschlossen. Hierbei handelt es sich um einen datenschutzrechtlich vorgeschriebenen Vertrag, der gew\u00e4hrleistet, dass dieser die personenbezogenen Daten unserer Websitebesucher nur nach unseren Weisungen und unter Einhaltung der DSGVO verarbeitet.<\/p>\n<h3>3. General notes and mandatory information<\/h3>\n<p>\t\tDatenschutzDie Betreiber dieser Seiten nehmen den Schutz Ihrer pers\u00f6nlichen Daten sehr ernst. Wir behandeln Ihre personenbezogenen Daten vertraulich und entsprechend den gesetzlichen Datenschutzvorschriften sowie dieser Datenschutzerkl\u00e4rung.<br \/>\nWenn Sie diese Website benutzen, werden verschiedene personenbezogene Daten erhoben. Personenbezogene Daten sind Daten, mit denen Sie pers\u00f6nlich identifiziert werden k\u00f6nnen. Die vorliegende Datenschutzerkl\u00e4rung erl\u00e4utert, welche Daten wir erheben und wof\u00fcr wir sie nutzen. Sie erl\u00e4utert auch, wie und zu welchem Zweck das geschieht.<br \/>\nWir weisen darauf hin, dass die Daten\u00fcbertragung im Internet (z. B. bei der Kommunikation per E-Mail) Sicherheitsl\u00fccken aufweisen kann. Ein l\u00fcckenloser Schutz der Daten vor dem Zugriff durch Dritte ist nicht m\u00f6glich.<br \/>\nNote on the responsible office<\/p>\n<p>The responsible party for data processing on this website is:<br \/>Building Automation Team GmbH <br \/>Herrenstr. 26-28<br \/>76133 Karlsruhe<br \/>Phone: 0721 98414440<br \/>E-Mail: info@building-automation-team.com<\/p>\n<p>Verantwortliche Stelle ist die nat\u00fcrliche oder juristische Person, die allein oder gemeinsam mit anderen \u00fcber die Zwecke und Mittel der Verarbeitung von personenbezogenen Daten (z. B. Namen, E-Mail-Adressen o. \u00c4.) entscheidet.SpeicherdauerSoweit innerhalb dieser Datenschutzerkl\u00e4rung keine speziellere Speicherdauer genannt wurde, verbleiben Ihre personenbezogenen Daten bei uns, bis der Zweck f\u00fcr die Datenverarbeitung entf\u00e4llt. Wenn Sie ein berechtigtes L\u00f6schersuchen geltend machen oder eine Einwilligung zur Datenverarbeitung widerrufen, werden Ihre Daten gel\u00f6scht, sofern wir keine anderen rechtlich zul\u00e4ssigen Gr\u00fcnde f\u00fcr die Speicherung Ihrer personenbezogenen Daten haben (z. B. steuer- oder handelsrechtliche Aufbewahrungsfristen); im letztgenannten Fall erfolgt die L\u00f6schung nach Fortfall dieser Gr\u00fcnde.Allgemeine Hinweise zu den Rechtsgrundlagen der Datenverarbeitung auf dieser Website<\/p>\n<p>Sofern Sie in die Datenverarbeitung eingewilligt haben, verarbeiten wir Ihre personenbezogenen Daten auf Grundlage von Art. 6 Abs. 1 lit. a DSGVO bzw. Art. 9 Abs. 2 lit. a DSGVO, sofern besondere Datenkategorien nach Art. 9 Abs. 1 DSGVO verarbeitet werden. Im Falle einer ausdr\u00fccklichen Einwilligung in die \u00dcbertragung personenbezogener Daten in Drittstaaten erfolgt die Datenverarbeitung au\u00dferdem auf Grundlage von Art. 49 Abs. 1 lit. a DSGVO. Sofern Sie in die Speicherung von Cookies oder in den Zugriff auf Informationen in Ihr Endger\u00e4t (z. B. via Device-Fingerprinting) eingewilligt haben, erfolgt die Datenverarbeitung zus\u00e4tzlich auf Grundlage von \u00a7 25 Abs. 1 TDDDG. Die Einwilligung ist jederzeit widerrufbar. Sind Ihre Daten zur Vertragserf\u00fcllung oder zur Durchf\u00fchrung vorvertraglicher Ma\u00dfnahmen erforderlich, verarbeiten wir Ihre Daten auf Grundlage des Art. 6 Abs. 1 lit. b DSGVO. Des Weiteren verarbeiten wir Ihre Daten, sofern diese zur Erf\u00fcllung einer rechtlichen Verpflichtung erforderlich sind auf Grundlage von Art. 6 Abs. 1 lit. c DSGVO. Die Datenverarbeitung kann ferner auf Grundlage unseres berechtigten Interesses nach Art. 6 Abs. 1 lit. f DSGVO erfolgen. \u00dcber die jeweils im Einzelfall einschl\u00e4gigen Rechtsgrundlagen wird in den folgenden Abs\u00e4tzen dieser Datenschutzerkl\u00e4rung informiert.<\/p>\n<p>Widerruf Ihrer Einwilligung zur DatenverarbeitungViele Datenverarbeitungsvorg\u00e4nge sind nur mit Ihrer ausdr\u00fccklichen Einwilligung m\u00f6glich. Sie k\u00f6nnen eine bereits erteilte Einwilligung jederzeit widerrufen. Die Rechtm\u00e4\u00dfigkeit der bis zum Widerruf erfolgten Datenverarbeitung bleibt vom Widerruf unber\u00fchrt.<br \/>\nWiderspruchsrecht gegen die Datenerhebung in besonderen F\u00e4llen sowie gegen Direktwerbung (Art. 21 DSGVO)WENN DIE DATENVERARBEITUNG AUF GRUNDLAGE VON ART. 6 ABS. 1 LIT. E ODER F DSGVO ERFOLGT, HABEN SIE JEDERZEIT DAS RECHT, AUS GR\u00dcNDEN, DIE SICH AUS IHRER BESONDEREN SITUATION ERGEBEN, GEGEN DIE VERARBEITUNG IHRER PERSONENBEZOGENEN DATEN WIDERSPRUCH EINZULEGEN; DIES GILT AUCH F\u00dcR EIN AUF DIESE BESTIMMUNGEN GEST\u00dcTZTES PROFILING. DIE JEWEILIGE RECHTSGRUNDLAGE, AUF DENEN EINE VERARBEITUNG BERUHT, ENTNEHMEN SIE DIESER DATENSCHUTZERKL\u00c4RUNG. WENN SIE WIDERSPRUCH EINLEGEN, WERDEN WIR IHRE BETROFFENEN PERSONENBEZOGENEN DATEN NICHT MEHR VERARBEITEN, ES SEI DENN, WIR K\u00d6NNEN ZWINGENDE SCHUTZW\u00dcRDIGE GR\u00dcNDE F\u00dcR DIE VERARBEITUNG NACHWEISEN, DIE IHRE INTERESSEN, RECHTE UND FREIHEITEN \u00dcBERWIEGEN ODER DIE VERARBEITUNG DIENT DER GELTENDMACHUNG, AUS\u00dcBUNG ODER VERTEIDIGUNG VON RECHTSANSPR\u00dcCHEN (WIDERSPRUCH NACH ART. 21 ABS. 1 DSGVO).<br \/>\nWERDEN IHRE PERSONENBEZOGENEN DATEN VERARBEITET, UM DIREKTWERBUNG ZU BETREIBEN, SO HABEN SIE DAS RECHT, JEDERZEIT WIDERSPRUCH GEGEN DIE VERARBEITUNG SIE BETREFFENDER PERSONENBEZOGENER DATEN ZUM ZWECKE DERARTIGER WERBUNG EINZULEGEN; DIES GILT AUCH F\u00dcR DAS PROFILING, SOWEIT ES MIT SOLCHER DIREKTWERBUNG IN VERBINDUNG STEHT. WENN SIE WIDERSPRECHEN, WERDEN IHRE PERSONENBEZOGENEN DATEN ANSCHLIESSEND NICHT MEHR ZUM ZWECKE DER DIREKTWERBUNG VERWENDET (WIDERSPRUCH NACH ART. 21 ABS. 2 DSGVO).Beschwerderecht bei der zust\u00e4ndigen Aufsichtsbeh\u00f6rdeIm Falle von Verst\u00f6\u00dfen gegen die DSGVO steht den Betroffenen ein Beschwerderecht bei einer Aufsichtsbeh\u00f6rde, insbesondere in dem Mitgliedstaat ihres gew\u00f6hnlichen Aufenthalts, ihres Arbeitsplatzes oder des Orts des mutma\u00dflichen Versto\u00dfes zu. Das Beschwerderecht besteht unbeschadet anderweitiger verwaltungsrechtlicher oder gerichtlicher Rechtsbehelfe.Recht auf Daten\u00fcbertragbarkeitSie haben das Recht, Daten, die wir auf Grundlage Ihrer Einwilligung oder in Erf\u00fcllung eines Vertrags automatisiert verarbeiten, an sich oder an einen Dritten in einem g\u00e4ngigen, maschinenlesbaren Format aush\u00e4ndigen zu lassen. Sofern Sie die direkte \u00dcbertragung der Daten an einen anderen Verantwortlichen verlangen, erfolgt dies nur, soweit es technisch machbar ist.Auskunft, L\u00f6schung und BerichtigungSie haben im Rahmen der geltenden gesetzlichen Bestimmungen jederzeit das Recht auf unentgeltliche Auskunft \u00fcber Ihre gespeicherten personenbezogenen Daten, deren Herkunft und Empf\u00e4nger und den Zweck der Datenverarbeitung und ggf. ein Recht auf Berichtigung oder L\u00f6schung dieser Daten. Hierzu sowie zu weiteren Fragen zum Thema personenbezogene Daten k\u00f6nnen Sie sich jederzeit an uns wenden.Recht auf Einschr\u00e4nkung der VerarbeitungSie haben das Recht, die Einschr\u00e4nkung der Verarbeitung Ihrer personenbezogenen Daten zu verlangen. Hierzu k\u00f6nnen Sie sich jederzeit an uns wenden. Das Recht auf Einschr\u00e4nkung der Verarbeitung besteht in folgenden F\u00e4llen:<\/p>\n<ul>\n<li>If you dispute the accuracy of your personal data stored by us, we usually need time to check this. For the duration of the verification, you have the right to request the restriction of the processing of your personal data.<\/li>\n<li>If the processing of your personal data happened\/is happening unlawfully, you can request the restriction of data processing instead of erasure.<\/li>\n<li>If we no longer need your personal data, but you need it to exercise, defend or assert legal claims, you have the right to request restriction of the processing of your personal data instead of erasure.<\/li>\n<li>If you have lodged an objection pursuant to Art. 21 (1) DSGVO, a balancing of your and our interests must be carried out. As long as it has not yet been determined whose interests prevail, you have the right to demand the restriction of the processing of your personal data.<\/li>\n<\/ul>\n<p>Wenn Sie die Verarbeitung Ihrer personenbezogenen Daten eingeschr\u00e4nkt haben, d\u00fcrfen diese Daten \u2013 von ihrer Speicherung abgesehen \u2013 nur mit Ihrer Einwilligung oder zur Geltendmachung, Aus\u00fcbung oder Verteidigung von Rechtsanspr\u00fcchen oder zum Schutz der Rechte einer anderen nat\u00fcrlichen oder juristischen Person oder aus Gr\u00fcnden eines wichtigen \u00f6ffentlichen Interesses der Europ\u00e4ischen Union oder eines Mitgliedstaats verarbeitet werden.SSL- bzw. TLS-Verschl\u00fcsselung<\/p>\n<p>For security reasons and to protect the transmission of confidential content, such as orders or enquiries that you send to us as the site operator, this site uses SSL or TLS encryption. You can recognise an encrypted connection by the fact that the address line of the browser changes from \"http:\/\/\" to \"https:\/\/\" and by the lock symbol in your browser line.<\/p>\n<p>If SSL or TLS encryption is activated, the data you transmit to us cannot be read by third parties.<\/p>\n<h3>4. Data collection on this website<\/h3>\n<p>\t\tCookies<\/p>\n<p>Our internet pages use so-called \"cookies\". Cookies are small data packets and do not cause any damage to your terminal device. They are stored either temporarily for the duration of a session (session cookies) or permanently (permanent cookies) on your end device. Session cookies are automatically deleted at the end of your visit. Permanent cookies remain stored on your end device until you delete them yourself or until they are automatically deleted by your web browser.<br \/>In some cases, cookies from third-party companies may also be stored on your terminal device when you enter our site (third-party cookies). These enable us or you to use certain services of the third-party company (e.g. cookies for processing payment services).<br \/>Cookies have various functions. Many cookies are technically necessary, as certain website functions would not work without them (e.g. the shopping cart function or the display of videos). Other cookies are used to evaluate user behaviour or to display advertising.<br \/>Cookies, die zur Durchf\u00fchrung des elektronischen Kommunikationsvorgangs, zur Bereitstellung bestimmter, von Ihnen erw\u00fcnschter Funktionen (z. B. f\u00fcr die Warenkorbfunktion) oder zur Optimierung der Website (z. B. Cookies zur Messung des Webpublikums) erforderlich sind (notwendige Cookies), werden auf Grundlage von Art. 6 Abs. 1 lit. f DSGVO gespeichert, sofern keine andere Rechtsgrundlage angegeben wird. Der Websitebetreiber hat ein berechtigtes Interesse an der Speicherung von notwendigen Cookies zur technisch fehlerfreien und optimierten Bereitstellung seiner Dienste. Sofern eine Einwilligung zur Speicherung von Cookies und vergleichbaren Wiedererkennungstechnologien abgefragt wurde, erfolgt die Verarbeitung ausschlie\u00dflich auf Grundlage dieser Einwilligung (Art. 6 Abs. 1 lit. a DSGVO und \u00a7 25 Abs. 1 TDDDG); die Einwilligung ist jederzeit widerrufbar.<br \/>You can set your browser so that you are informed about the setting of cookies and only allow cookies in individual cases, exclude the acceptance of cookies for certain cases or in general and activate the automatic deletion of cookies when closing the browser. If you deactivate cookies, the functionality of this website may be limited.<br \/>If cookies are used by third-party companies or for analysis purposes, we will inform you about this separately within the framework of this data protection declaration and, if necessary, request your consent.<br \/>Quelle:<br \/>https:\/\/www.e-recht24.de<\/p>","protected":false},"excerpt":{"rendered":"<p>Datenschutzhinweise 1. Datenschutz auf einen Blick Allgemeine HinweiseDie folgenden Hinweise geben einen einfachen \u00dcberblick dar\u00fcber, was mit Ihren personenbezogenen Daten passiert, wenn Sie diese Website besuchen. Personenbezogene Daten sind alle Daten, mit denen Sie pers\u00f6nlich identifiziert werden k\u00f6nnen. Ausf\u00fchrliche Informationen zum Thema Datenschutz entnehmen Sie unserer unter diesem Text aufgef\u00fchrten Datenschutzerkl\u00e4rung.Datenerfassung auf dieser WebsiteWer ist [&hellip;]<\/p>","protected":false},"author":7,"featured_media":0,"parent":0,"menu_order":6,"comment_status":"closed","ping_status":"closed","template":"","meta":{"footnotes":""},"class_list":["post-877","page","type-page","status-publish","hentry"],"acf":[],"yoast_head":"<!-- This site is optimized with the Yoast SEO plugin v21.6 - https:\/\/yoast.com\/wordpress\/plugins\/seo\/ -->\n<title>Datenschutz - noemi<\/title>\n<meta name=\"description\" content=\"Building Automation Team GmbH Herrenstr. 26-28 76133 Karlsruhe Telefon: 0721 98414440 E-Mail: info@building-automation-team.com\" \/>\n<meta name=\"robots\" content=\"index, follow, max-snippet:-1, max-image-preview:large, max-video-preview:-1\" \/>\n<link rel=\"canonical\" href=\"https:\/\/no-emi.com\/en\/datenschutz\/\" \/>\n<meta property=\"og:locale\" content=\"en_GB\" \/>\n<meta property=\"og:type\" content=\"article\" \/>\n<meta property=\"og:title\" content=\"Datenschutz - noemi\" \/>\n<meta property=\"og:description\" content=\"Building Automation Team GmbH Herrenstr. 26-28 76133 Karlsruhe Telefon: 0721 98414440 E-Mail: info@building-automation-team.com\" \/>\n<meta property=\"og:url\" content=\"https:\/\/no-emi.com\/en\/datenschutz\/\" \/>\n<meta property=\"og:site_name\" content=\"noemi\" \/>\n<meta property=\"article:modified_time\" content=\"2024-06-21T07:47:58+00:00\" \/>\n<meta name=\"twitter:card\" content=\"summary_large_image\" \/>\n<meta name=\"twitter:label1\" content=\"Estimated reading time\" \/>\n\t<meta name=\"twitter:data1\" content=\"9 minutes\" \/>\n<script type=\"application\/ld+json\" class=\"yoast-schema-graph\">{\"@context\":\"https:\/\/schema.org\",\"@graph\":[{\"@type\":\"WebPage\",\"@id\":\"https:\/\/no-emi.com\/datenschutz\/\",\"url\":\"https:\/\/no-emi.com\/datenschutz\/\",\"name\":\"Datenschutz - noemi\",\"isPartOf\":{\"@id\":\"https:\/\/no-emi.com\/#website\"},\"datePublished\":\"2022-09-13T11:11:32+00:00\",\"dateModified\":\"2024-06-21T07:47:58+00:00\",\"description\":\"Building Automation Team GmbH Herrenstr. 26-28 76133 Karlsruhe Telefon: 0721 98414440 E-Mail: info@building-automation-team.com\",\"breadcrumb\":{\"@id\":\"https:\/\/no-emi.com\/datenschutz\/#breadcrumb\"},\"inLanguage\":\"en-GB\",\"potentialAction\":[{\"@type\":\"ReadAction\",\"target\":[\"https:\/\/no-emi.com\/datenschutz\/\"]}]},{\"@type\":\"BreadcrumbList\",\"@id\":\"https:\/\/no-emi.com\/datenschutz\/#breadcrumb\",\"itemListElement\":[{\"@type\":\"ListItem\",\"position\":1,\"name\":\"Startseite\",\"item\":\"https:\/\/no-emi.com\/\"},{\"@type\":\"ListItem\",\"position\":2,\"name\":\"Datenschutz\"}]},{\"@type\":\"WebSite\",\"@id\":\"https:\/\/no-emi.com\/#website\",\"url\":\"https:\/\/no-emi.com\/\",\"name\":\"noemi\",\"description\":\"Software f\u00fcr Immobilien\",\"publisher\":{\"@id\":\"https:\/\/no-emi.com\/#organization\"},\"potentialAction\":[{\"@type\":\"SearchAction\",\"target\":{\"@type\":\"EntryPoint\",\"urlTemplate\":\"https:\/\/no-emi.com\/?s={search_term_string}\"},\"query-input\":\"required name=search_term_string\"}],\"inLanguage\":\"en-GB\"},{\"@type\":\"Organization\",\"@id\":\"https:\/\/no-emi.com\/#organization\",\"name\":\"noemi\",\"url\":\"https:\/\/no-emi.com\/\",\"logo\":{\"@type\":\"ImageObject\",\"inLanguage\":\"en-GB\",\"@id\":\"https:\/\/no-emi.com\/#\/schema\/logo\/image\/\",\"url\":\"https:\/\/no-emi.com\/wp-content\/uploads\/2022\/08\/Logo-SW-Schriftzug-rechts.svg\",\"contentUrl\":\"https:\/\/no-emi.com\/wp-content\/uploads\/2022\/08\/Logo-SW-Schriftzug-rechts.svg\",\"caption\":\"noemi\"},\"image\":{\"@id\":\"https:\/\/no-emi.com\/#\/schema\/logo\/image\/\"}}]}<\/script>\n<!-- \/ Yoast SEO plugin. -->","yoast_head_json":{"title":"Datenschutz - noemi","description":"Building Automation Team GmbH Herrenstr. 26-28 76133 Karlsruhe Telefon: 0721 98414440 E-Mail: info@building-automation-team.com","robots":{"index":"index","follow":"follow","max-snippet":"max-snippet:-1","max-image-preview":"max-image-preview:large","max-video-preview":"max-video-preview:-1"},"canonical":"https:\/\/no-emi.com\/en\/datenschutz\/","og_locale":"en_GB","og_type":"article","og_title":"Datenschutz - noemi","og_description":"Building Automation Team GmbH Herrenstr. 26-28 76133 Karlsruhe Telefon: 0721 98414440 E-Mail: info@building-automation-team.com","og_url":"https:\/\/no-emi.com\/en\/datenschutz\/","og_site_name":"noemi","article_modified_time":"2024-06-21T07:47:58+00:00","twitter_card":"summary_large_image","twitter_misc":{"Estimated reading time":"9 minutes"},"schema":{"@context":"https:\/\/schema.org","@graph":[{"@type":"WebPage","@id":"https:\/\/no-emi.com\/datenschutz\/","url":"https:\/\/no-emi.com\/datenschutz\/","name":"Datenschutz - noemi","isPartOf":{"@id":"https:\/\/no-emi.com\/#website"},"datePublished":"2022-09-13T11:11:32+00:00","dateModified":"2024-06-21T07:47:58+00:00","description":"Building Automation Team GmbH Herrenstr. 26-28 76133 Karlsruhe Telefon: 0721 98414440 E-Mail: info@building-automation-team.com","breadcrumb":{"@id":"https:\/\/no-emi.com\/datenschutz\/#breadcrumb"},"inLanguage":"en-GB","potentialAction":[{"@type":"ReadAction","target":["https:\/\/no-emi.com\/datenschutz\/"]}]},{"@type":"BreadcrumbList","@id":"https:\/\/no-emi.com\/datenschutz\/#breadcrumb","itemListElement":[{"@type":"ListItem","position":1,"name":"Startseite","item":"https:\/\/no-emi.com\/"},{"@type":"ListItem","position":2,"name":"Datenschutz"}]},{"@type":"WebSite","@id":"https:\/\/no-emi.com\/#website","url":"https:\/\/no-emi.com\/","name":"noemi","description":"Software f\u00fcr Immobilien","publisher":{"@id":"https:\/\/no-emi.com\/#organization"},"potentialAction":[{"@type":"SearchAction","target":{"@type":"EntryPoint","urlTemplate":"https:\/\/no-emi.com\/?s={search_term_string}"},"query-input":"required name=search_term_string"}],"inLanguage":"en-GB"},{"@type":"Organization","@id":"https:\/\/no-emi.com\/#organization","name":"noemi","url":"https:\/\/no-emi.com\/","logo":{"@type":"ImageObject","inLanguage":"en-GB","@id":"https:\/\/no-emi.com\/#\/schema\/logo\/image\/","url":"https:\/\/no-emi.com\/wp-content\/uploads\/2022\/08\/Logo-SW-Schriftzug-rechts.svg","contentUrl":"https:\/\/no-emi.com\/wp-content\/uploads\/2022\/08\/Logo-SW-Schriftzug-rechts.svg","caption":"noemi"},"image":{"@id":"https:\/\/no-emi.com\/#\/schema\/logo\/image\/"}}]}},"_links":{"self":[{"href":"https:\/\/no-emi.com\/en\/wp-json\/wp\/v2\/pages\/877","targetHints":{"allow":["GET"]}}],"collection":[{"href":"https:\/\/no-emi.com\/en\/wp-json\/wp\/v2\/pages"}],"about":[{"href":"https:\/\/no-emi.com\/en\/wp-json\/wp\/v2\/types\/page"}],"author":[{"embeddable":true,"href":"https:\/\/no-emi.com\/en\/wp-json\/wp\/v2\/users\/7"}],"replies":[{"embeddable":true,"href":"https:\/\/no-emi.com\/en\/wp-json\/wp\/v2\/comments?post=877"}],"version-history":[{"count":17,"href":"https:\/\/no-emi.com\/en\/wp-json\/wp\/v2\/pages\/877\/revisions"}],"predecessor-version":[{"id":3407,"href":"https:\/\/no-emi.com\/en\/wp-json\/wp\/v2\/pages\/877\/revisions\/3407"}],"wp:attachment":[{"href":"https:\/\/no-emi.com\/en\/wp-json\/wp\/v2\/media?parent=877"}],"curies":[{"name":"wp","href":"https:\/\/api.w.org\/{rel}","templated":true}]}}